{"id":38,"date":"2024-04-02T21:19:27","date_gmt":"2024-04-03T00:19:27","guid":{"rendered":"https:\/\/deltatools.inti.org.br\/?page_id=38"},"modified":"2024-04-16T20:55:55","modified_gmt":"2024-04-16T23:55:55","slug":"about","status":"publish","type":"page","link":"https:\/\/deltatools.inti.org.br\/es\/about\/","title":{"rendered":"Sobre"},"content":{"rendered":"<div data-elementor-type=\"wp-page\" data-elementor-id=\"38\" class=\"elementor elementor-38\" data-elementor-post-type=\"page\">\n\t\t\t\t<div class=\"elementor-element elementor-element-e566d74 e-con-full e-flex e-con e-parent\" data-id=\"e566d74\" data-element_type=\"container\">\n\t\t\t\t<div class=\"elementor-element elementor-element-c5f54e8 elementor-grid-1 elementor-grid-tablet-1 elementor-posts--thumbnail-top elementor-grid-mobile-1 elementor-widget elementor-widget-posts\" data-id=\"c5f54e8\" data-element_type=\"widget\" data-settings=\"{&quot;custom_columns&quot;:&quot;1&quot;,&quot;custom_columns_tablet&quot;:&quot;1&quot;,&quot;custom_columns_mobile&quot;:&quot;1&quot;,&quot;custom_row_gap&quot;:{&quot;unit&quot;:&quot;px&quot;,&quot;size&quot;:35,&quot;sizes&quot;:[]},&quot;custom_row_gap_tablet&quot;:{&quot;unit&quot;:&quot;px&quot;,&quot;size&quot;:&quot;&quot;,&quot;sizes&quot;:[]},&quot;custom_row_gap_mobile&quot;:{&quot;unit&quot;:&quot;px&quot;,&quot;size&quot;:&quot;&quot;,&quot;sizes&quot;:[]}}\" data-widget_type=\"posts.custom\">\n\t\t\t\t<div class=\"elementor-widget-container\">\n\t\t\t<link rel=\"stylesheet\" href=\"https:\/\/deltatools.inti.org.br\/wp-content\/plugins\/elementor-pro\/assets\/css\/widget-posts.min.css\">      <div class=\"ecs-posts elementor-posts-container elementor-posts   elementor-grid elementor-posts--skin-custom\" data-settings=\"{&quot;current_page&quot;:1,&quot;max_num_pages&quot;:1,&quot;load_method&quot;:&quot;&quot;,&quot;widget_id&quot;:&quot;c5f54e8&quot;,&quot;post_id&quot;:38,&quot;theme_id&quot;:38,&quot;change_url&quot;:false,&quot;reinit_js&quot;:false}\">\n      \t\t<article id=\"post-609\" class=\"elementor-post elementor-grid-item ecs-post-loop post-609 about_loop type-about_loop status-publish hentry\">\n\t\t\t\t<div data-elementor-type=\"loop\" data-elementor-id=\"607\" class=\"elementor elementor-607 post-609 about_loop type-about_loop status-publish hentry\" data-elementor-post-type=\"elementor_library\">\n\t\t\t<div class=\"elementor-element elementor-element-642d1fe7 padding e-flex e-con-boxed e-con e-parent\" data-id=\"642d1fe7\" data-element_type=\"container\" data-settings=\"{&quot;background_background&quot;:&quot;classic&quot;}\">\n\t\t\t\t\t<div class=\"e-con-inner\">\n\t\t\t\t<div class=\"elementor-element elementor-element-11d9e927 elementor-widget elementor-widget-image\" data-id=\"11d9e927\" data-element_type=\"widget\" data-widget_type=\"image.default\">\n\t\t\t\t<div class=\"elementor-widget-container\">\n\t\t\t<style>\/*! elementor - v3.21.0 - 25-04-2024 *\/\n.elementor-widget-image{text-align:center}.elementor-widget-image a{display:inline-block}.elementor-widget-image a img[src$=\".svg\"]{width:48px}.elementor-widget-image img{vertical-align:middle;display:inline-block}<\/style>\t\t\t\t\t\t\t\t\t\t<img decoding=\"async\" width=\"104\" height=\"104\" src=\"https:\/\/deltatools.inti.org.br\/wp-content\/uploads\/2024\/04\/decoracao.png\" class=\"attachment-large size-large wp-image-262\" alt=\"\" \/>\t\t\t\t\t\t\t\t\t\t\t\t\t<\/div>\n\t\t\t\t<\/div>\n\t\t\t\t<div class=\"elementor-element elementor-element-c2c1c84 elementor-widget elementor-widget-heading\" data-id=\"c2c1c84\" data-element_type=\"widget\" data-widget_type=\"heading.default\">\n\t\t\t\t<div class=\"elementor-widget-container\">\n\t\t\t<style>\/*! elementor - v3.21.0 - 25-04-2024 *\/\n.elementor-heading-title{padding:0;margin:0;line-height:1}.elementor-widget-heading .elementor-heading-title[class*=elementor-size-]>a{color:inherit;font-size:inherit;line-height:inherit}.elementor-widget-heading .elementor-heading-title.elementor-size-small{font-size:15px}.elementor-widget-heading .elementor-heading-title.elementor-size-medium{font-size:19px}.elementor-widget-heading .elementor-heading-title.elementor-size-large{font-size:29px}.elementor-widget-heading .elementor-heading-title.elementor-size-xl{font-size:39px}.elementor-widget-heading .elementor-heading-title.elementor-size-xxl{font-size:59px}<\/style><h2 class=\"elementor-heading-title elementor-size-default\">Sobre Delta<\/h2>\t\t<\/div>\n\t\t\t\t<\/div>\n\t\t\t\t\t<\/div>\n\t\t\t\t<\/div>\n\t\t<div class=\"elementor-element elementor-element-35c5ad84 padding e-flex e-con-boxed e-con e-parent\" data-id=\"35c5ad84\" data-element_type=\"container\" data-settings=\"{&quot;background_background&quot;:&quot;classic&quot;}\">\n\t\t\t\t\t<div class=\"e-con-inner\">\n\t\t<div class=\"elementor-element elementor-element-582b4235 e-con-full e-flex e-con e-child\" data-id=\"582b4235\" data-element_type=\"container\" data-settings=\"{&quot;background_background&quot;:&quot;classic&quot;}\">\n\t\t\t\t<div class=\"elementor-element elementor-element-5dc7167 elementor-widget elementor-widget-text-editor\" data-id=\"5dc7167\" data-element_type=\"widget\" data-widget_type=\"text-editor.default\">\n\t\t\t\t<div class=\"elementor-widget-container\">\n\t\t\t<style>\/*! elementor - v3.21.0 - 25-04-2024 *\/\n.elementor-widget-text-editor.elementor-drop-cap-view-stacked .elementor-drop-cap{background-color:#69727d;color:#fff}.elementor-widget-text-editor.elementor-drop-cap-view-framed .elementor-drop-cap{color:#69727d;border:3px solid;background-color:transparent}.elementor-widget-text-editor:not(.elementor-drop-cap-view-default) .elementor-drop-cap{margin-top:8px}.elementor-widget-text-editor:not(.elementor-drop-cap-view-default) .elementor-drop-cap-letter{width:1em;height:1em}.elementor-widget-text-editor .elementor-drop-cap{float:left;text-align:center;line-height:1;font-size:50px}.elementor-widget-text-editor .elementor-drop-cap-letter{display:inline-block}<\/style>\t\t\t\t<p><strong>\"\u00a1Perfora m\u00e1s profundo!\" Delta Tools abraza este principio rector en sus esfuerzos de fabricaci\u00f3n y comercializaci\u00f3n, con el objetivo de proporcionar a los clientes herramientas de perforaci\u00f3n mejoradas que priorizan la eficiencia y la ecolog\u00eda, manteniendo al mismo tiempo la asequibilidad.<\/strong><\/p>\n<p>Delta Tools se destaca en el \u00e1mbito de la innovaci\u00f3n en la perforaci\u00f3n de rocas de toda la miner\u00eda, la construcci\u00f3n de t\u00faneles y una variedad de proyectos de ingenier\u00eda. Aprovechando nuestra amplia experiencia en la fabricaci\u00f3n de botones y puntas c\u00f3nicas. Hemos logrado avances significativos en la evoluci\u00f3n de las puntas de excavaci\u00f3n hidr\u00e1ulicas roscadas y las puntas de excavaci\u00f3n DTH de alta presi\u00f3n a lo largo del tiempo, ganando constantemente la confianza y el reconocimiento de nuestra estimada base de clientes.<\/p>\n\t\t\t\t\t\t<\/div>\n\t\t\t\t<\/div>\n\t\t\t\t<\/div>\n\t\t\t\t\t<\/div>\n\t\t\t\t<\/div>\n\t\t<div class=\"elementor-element elementor-element-d34f958 padding e-flex e-con-boxed e-con e-parent\" data-id=\"d34f958\" data-element_type=\"container\" data-settings=\"{&quot;background_background&quot;:&quot;classic&quot;}\">\n\t\t\t\t\t<div class=\"e-con-inner\">\n\t\t<style>#post-609 .elementor-607 .elementor-element.elementor-element-c45e5bd:not(.elementor-motion-effects-element-type-background), #post-609 .elementor-607 .elementor-element.elementor-element-c45e5bd > .elementor-motion-effects-container > .elementor-motion-effects-layer{background-image: url(\"https:\/\/deltatools.inti.org.br\/wp-content\/uploads\/2024\/04\/about-06.jpg\");}<\/style><a class=\"elementor-element elementor-element-c45e5bd e-con-full e-flex e-con e-child\" data-id=\"c45e5bd\" data-element_type=\"container\" data-settings=\"{&quot;background_background&quot;:&quot;classic&quot;}\" href=\"https:\/\/deltatools.inti.org.br\/wp-content\/uploads\/2024\/04\/about-06.jpg\">\n\t\t\t\t<\/a>\n\t\t<style>#post-609 .elementor-607 .elementor-element.elementor-element-acd871a:not(.elementor-motion-effects-element-type-background), #post-609 .elementor-607 .elementor-element.elementor-element-acd871a > .elementor-motion-effects-container > .elementor-motion-effects-layer{background-image: url(\"https:\/\/deltatools.inti.org.br\/wp-content\/uploads\/2024\/04\/about-01.jpg\");}<\/style><a class=\"elementor-element elementor-element-acd871a e-con-full e-flex e-con e-child\" data-id=\"acd871a\" data-element_type=\"container\" data-settings=\"{&quot;background_background&quot;:&quot;classic&quot;}\" href=\"https:\/\/deltatools.inti.org.br\/wp-content\/uploads\/2024\/04\/about-01.jpg\">\n\t\t\t\t<\/a>\n\t\t<style>#post-609 .elementor-607 .elementor-element.elementor-element-ef81d74:not(.elementor-motion-effects-element-type-background), #post-609 .elementor-607 .elementor-element.elementor-element-ef81d74 > .elementor-motion-effects-container > .elementor-motion-effects-layer{background-image: url(\"https:\/\/deltatools.inti.org.br\/wp-content\/uploads\/2024\/04\/about-02.jpg\");}<\/style><a class=\"elementor-element elementor-element-ef81d74 e-con-full e-flex e-con e-child\" data-id=\"ef81d74\" data-element_type=\"container\" data-settings=\"{&quot;background_background&quot;:&quot;classic&quot;}\" href=\"https:\/\/deltatools.inti.org.br\/wp-content\/uploads\/2024\/04\/about-02.jpg\">\n\t\t\t\t<\/a>\n\t\t\t\t\t<\/div>\n\t\t\t\t<\/div>\n\t\t<div class=\"elementor-element elementor-element-5f8238a padding e-flex e-con-boxed e-con e-parent\" data-id=\"5f8238a\" data-element_type=\"container\" data-settings=\"{&quot;background_background&quot;:&quot;classic&quot;}\">\n\t\t\t\t\t<div class=\"e-con-inner\">\n\t\t<style>#post-609 .elementor-607 .elementor-element.elementor-element-e57712c:not(.elementor-motion-effects-element-type-background), #post-609 .elementor-607 .elementor-element.elementor-element-e57712c > .elementor-motion-effects-container > .elementor-motion-effects-layer{background-image: url(\"https:\/\/deltatools.inti.org.br\/wp-content\/uploads\/2024\/04\/about-04.jpg\");}<\/style><a class=\"elementor-element elementor-element-e57712c e-con-full e-flex e-con e-child\" data-id=\"e57712c\" data-element_type=\"container\" data-settings=\"{&quot;background_background&quot;:&quot;classic&quot;}\" href=\"https:\/\/deltatools.inti.org.br\/wp-content\/uploads\/2024\/04\/about-04.jpg\">\n\t\t\t\t<\/a>\n\t\t<style>#post-609 .elementor-607 .elementor-element.elementor-element-6649afb:not(.elementor-motion-effects-element-type-background), #post-609 .elementor-607 .elementor-element.elementor-element-6649afb > .elementor-motion-effects-container > .elementor-motion-effects-layer{background-image: url(\"https:\/\/deltatools.inti.org.br\/wp-content\/uploads\/2024\/04\/about-03.jpg\");}<\/style><a class=\"elementor-element elementor-element-6649afb e-con-full e-flex e-con e-child\" data-id=\"6649afb\" data-element_type=\"container\" data-settings=\"{&quot;background_background&quot;:&quot;classic&quot;}\" href=\"https:\/\/deltatools.inti.org.br\/wp-content\/uploads\/2024\/04\/about-03.jpg\">\n\t\t\t\t<\/a>\n\t\t<style>#post-609 .elementor-607 .elementor-element.elementor-element-dbc99eb:not(.elementor-motion-effects-element-type-background), #post-609 .elementor-607 .elementor-element.elementor-element-dbc99eb > .elementor-motion-effects-container > .elementor-motion-effects-layer{background-image: url(\"https:\/\/deltatools.inti.org.br\/wp-content\/uploads\/2024\/04\/about-05.jpg\");}<\/style><a class=\"elementor-element elementor-element-dbc99eb e-con-full e-flex e-con e-child\" data-id=\"dbc99eb\" data-element_type=\"container\" data-settings=\"{&quot;background_background&quot;:&quot;classic&quot;}\" href=\"https:\/\/deltatools.inti.org.br\/wp-content\/uploads\/2024\/04\/about-05.jpg\">\n\t\t\t\t<\/a>\n\t\t\t\t\t<\/div>\n\t\t\t\t<\/div>\n\t\t<div class=\"elementor-element elementor-element-67f65da7 e-con-full e-flex e-con e-parent\" data-id=\"67f65da7\" data-element_type=\"container\">\n\t\t\t\t<div class=\"elementor-element elementor-element-117e4f4b elementor-widget elementor-widget-template\" data-id=\"117e4f4b\" data-element_type=\"widget\" data-widget_type=\"template.default\">\n\t\t\t\t<div class=\"elementor-widget-container\">\n\t\t\t\t\t<div class=\"elementor-template\">\n\t\t\t\t\t<div data-elementor-type=\"container\" data-elementor-id=\"249\" class=\"elementor elementor-249\" data-elementor-post-type=\"elementor_library\">\n\t\t\t\t<div class=\"elementor-element elementor-element-39eddaa2 e-flex e-con-boxed e-con e-parent\" data-id=\"39eddaa2\" data-element_type=\"container\" data-settings=\"{&quot;background_background&quot;:&quot;classic&quot;}\">\n\t\t\t\t\t<div class=\"e-con-inner\">\n\t\t\t\t<div class=\"elementor-element elementor-element-70d3c615 elementor-widget elementor-widget-heading\" data-id=\"70d3c615\" data-element_type=\"widget\" data-widget_type=\"heading.default\">\n\t\t\t\t<div class=\"elementor-widget-container\">\n\t\t\t<h2 class=\"elementor-heading-title elementor-size-default\">\u00bfDESEAS MAYOR EFICIENCIA\nEN TUS OPERACIONES DE EXCAVACI\u00d3N?<\/h2>\t\t<\/div>\n\t\t\t\t<\/div>\n\t\t\t\t<div class=\"elementor-element elementor-element-217c59bf elementor-widget elementor-widget-image\" data-id=\"217c59bf\" data-element_type=\"widget\" data-widget_type=\"image.default\">\n\t\t\t\t<div class=\"elementor-widget-container\">\n\t\t\t\t\t\t\t\t\t\t\t\t\t<img decoding=\"async\" width=\"3\" height=\"81\" src=\"https:\/\/deltatools.inti.org.br\/wp-content\/uploads\/2024\/04\/Linha-1.png\" class=\"attachment-large size-large wp-image-120\" alt=\"\" \/>\t\t\t\t\t\t\t\t\t\t\t\t\t<\/div>\n\t\t\t\t<\/div>\n\t\t\t\t<div class=\"elementor-element elementor-element-e200fd1 botao elementor-widget elementor-widget-button\" data-id=\"e200fd1\" data-element_type=\"widget\" data-widget_type=\"button.default\">\n\t\t\t\t<div class=\"elementor-widget-container\">\n\t\t\t\t\t<div class=\"elementor-button-wrapper\">\n\t\t\t<a class=\"elementor-button elementor-button-link elementor-size-sm\" href=\"https:\/\/deltatools.inti.org.br\/es\/contact\/\">\n\t\t\t\t\t\t<span class=\"elementor-button-content-wrapper\">\n\t\t\t\t\t\t<span class=\"elementor-button-icon elementor-align-icon-right\">\n\t\t\t\t<svg aria-hidden=\"true\" class=\"e-font-icon-svg e-fas-caret-right\" viewbox=\"0 0 192 512\" xmlns=\"http:\/\/www.w3.org\/2000\/svg\"><path d=\"M0 384.662V127.338c0-17.818 21.543-26.741 34.142-14.142l128.662 128.662c7.81 7.81 7.81 20.474 0 28.284L34.142 398.804C21.543 411.404 0 402.48 0 384.662z\"><\/path><\/svg>\t\t\t<\/span>\n\t\t\t\t\t\t\t\t\t<span class=\"elementor-button-text\">Cont\u00e1ctanos<\/span>\n\t\t\t\t\t<\/span>\n\t\t\t\t\t<\/a>\n\t\t<\/div>\n\t\t\t\t<\/div>\n\t\t\t\t<\/div>\n\t\t\t\t\t<\/div>\n\t\t\t\t<\/div>\n\t\t\t\t<\/div>\n\t\t\t\t<\/div>\n\t\t\t\t<\/div>\n\t\t\t\t<\/div>\n\t\t\t\t<\/div>\n\t\t\t\t<\/div>\n\t\t\t\t<\/article>\n\t\t\t\t<\/div>\n\t\t\t\t<\/div>\n\t\t\t\t<\/div>\n\t\t\t\t<\/div>\n\t\t\t\t<\/div>","protected":false},"excerpt":{"rendered":"","protected":false},"author":2,"featured_media":0,"parent":0,"menu_order":0,"comment_status":"closed","ping_status":"open","template":"elementor_header_footer","meta":{"_acf_changed":false,"footnotes":""},"acf":[],"_links":{"self":[{"href":"https:\/\/deltatools.inti.org.br\/es\/wp-json\/wp\/v2\/pages\/38"}],"collection":[{"href":"https:\/\/deltatools.inti.org.br\/es\/wp-json\/wp\/v2\/pages"}],"about":[{"href":"https:\/\/deltatools.inti.org.br\/es\/wp-json\/wp\/v2\/types\/page"}],"author":[{"embeddable":true,"href":"https:\/\/deltatools.inti.org.br\/es\/wp-json\/wp\/v2\/users\/2"}],"replies":[{"embeddable":true,"href":"https:\/\/deltatools.inti.org.br\/es\/wp-json\/wp\/v2\/comments?post=38"}],"version-history":[{"count":34,"href":"https:\/\/deltatools.inti.org.br\/es\/wp-json\/wp\/v2\/pages\/38\/revisions"}],"predecessor-version":[{"id":617,"href":"https:\/\/deltatools.inti.org.br\/es\/wp-json\/wp\/v2\/pages\/38\/revisions\/617"}],"wp:attachment":[{"href":"https:\/\/deltatools.inti.org.br\/es\/wp-json\/wp\/v2\/media?parent=38"}],"curies":[{"name":"wp","href":"https:\/\/api.w.org\/{rel}","templated":true}]}}